{"id":2445,"date":"2022-02-24T05:03:32","date_gmt":"2022-02-24T05:03:32","guid":{"rendered":"https:\/\/chiaexport.com\/chi-siamo\/"},"modified":"2023-05-06T19:24:16","modified_gmt":"2023-05-06T19:24:16","slug":"chi-siamo","status":"publish","type":"page","link":"https:\/\/chiaexport.com\/it\/chi-siamo\/","title":{"rendered":"Chi siamo"},"content":{"rendered":"\n<div class=\"wp-block-uagb-container uagb-block-47366506 alignfull uagb-is-root-container\"><div class=\"uagb-container-inner-blocks-wrap\">\n<div class=\"wp-block-uagb-advanced-heading uagb-block-d97bb5be\"><h2 class=\"uagb-heading-text\">UNA TRADIZIONE DI ECCELLENZA NEL CARBONE DI QUEBRACHO PARAGUAIANO<\/h2><\/div>\n\n\n\n<p><\/p>\n\n\n\n<p>Fondato nel 1990, QuebrachoExport.com \u00e8 stato uno dei principali esportatori di carbone Quebracho Blanco di prima qualit\u00e0 dal Paraguay a vari Paesi europei e agli Stati Uniti. Nel corso degli anni, abbiamo fornito con orgoglio numerosi marchi e marchi privati con il nostro carbone di alta qualit\u00e0, assicurando ai nostri clienti un&#8217;esperienza di cottura all&#8217;aperto piacevole e senza interruzioni.<\/p>\n\n\n\n<p>Il nostro successo risiede nell&#8217;impegno costante di utilizzare solo la migliore qualit\u00e0 di legno Quebracho Blanco del Paraguay per la produzione del nostro carbone di legna. Questa dedizione garantisce un prodotto di alto livello che riduce al minimo il fumo e le scintille, preservando l&#8217;aroma autentico e naturale della carbonella.<\/p>\n\n\n\n<p>Rinomato per la sua densit\u00e0 e le sue propriet\u00e0 di combustione lenta, il legno Quebracho Blanco \u00e8 la scelta ideale per la produzione di carbonella di prima qualit\u00e0 con un elevato potere calorifico e una combustione di lunga durata. Selezionato e lavorato con cura, il nostro carbone Quebracho \u00e8 perfetto per le sessioni di cottura prolungate, eliminando la necessit\u00e0 di un rifornimento costante e permettendovi di concentrarvi sulle vostre creazioni culinarie.<\/p>\n\n\n\n<p>La nostra carbonella Quebracho si distingue dalla concorrenza per la minore produzione di fumo e scintille, che la rende un&#8217;opzione pi\u00f9 sicura e conveniente per tutte le vostre esigenze di cottura all&#8217;aperto. Rigorosamente testato per soddisfare i pi\u00f9 alti standard di qualit\u00e0, il nostro carbone di legna offre costantemente prestazioni eccellenti, indipendentemente dall&#8217;ambiente di cottura.<\/p>\n\n\n\n<p>Noi di QuebrachoExport.com siamo molto orgogliosi del nostro impegno nel fornire ai clienti il miglior carbone Quebracho sul mercato. La nostra vasta esperienza nell&#8217;esportazione di carbone di Quebracho, unita alla nostra incessante ricerca della qualit\u00e0, ha consolidato la nostra reputazione di fornitore di fiducia del settore. Provate la differenza di QuebrachoExport.com e migliorate la vostra esperienza di cucina all&#8217;aperto oggi stesso.<\/p>\n<\/div><\/div>\n","protected":false},"excerpt":{"rendered":"<p>UNA TRADIZIONE DI ECCELLENZA NEL CARBONE DI QUEBRACHO PARAGUAIANO Fondato nel 1990, QuebrachoExport.com \u00e8 stato uno dei principali esportatori di carbone Quebracho Blanco di prima qualit\u00e0 dal Paraguay a vari Paesi europei e agli Stati Uniti. Nel corso degli anni, abbiamo fornito con orgoglio numerosi marchi e marchi privati con il nostro carbone di alta &hellip;<\/p>\n<p class=\"read-more\"> <a class=\"\" href=\"https:\/\/chiaexport.com\/it\/chi-siamo\/\"> <span class=\"screen-reader-text\">Chi siamo<\/span> Leggi tutto \u00bb<\/a><\/p>\n","protected":false},"author":1,"featured_media":0,"parent":0,"menu_order":0,"comment_status":"closed","ping_status":"closed","template":"","meta":{"_uag_custom_page_level_css":"","site-sidebar-layout":"no-sidebar","site-content-layout":"page-builder","ast-global-header-display":"","ast-main-header-display":"","ast-hfb-above-header-display":"","ast-hfb-below-header-display":"","ast-hfb-mobile-header-display":"","site-post-title":"disabled","ast-breadcrumbs-content":"","ast-featured-img":"disabled","footer-sml-layout":"","theme-transparent-header-meta":"enabled","adv-header-id-meta":"","stick-header-meta":"","header-above-stick-meta":"","header-main-stick-meta":"","header-below-stick-meta":"","footnotes":""},"class_list":["post-2445","page","type-page","status-publish","hentry"],"yoast_head":"<!-- This site is optimized with the Yoast SEO plugin v27.2 - https:\/\/yoast.com\/product\/yoast-seo-wordpress\/ -->\n<title>Chi siamo - Premium Quebracho Blanco Charcoal From Paraguay<\/title>\n<meta name=\"robots\" content=\"index, follow, max-snippet:-1, max-image-preview:large, max-video-preview:-1\" \/>\n<link rel=\"canonical\" href=\"https:\/\/chiaexport.com\/it\/chi-siamo\/\" \/>\n<meta property=\"og:locale\" content=\"it_IT\" \/>\n<meta property=\"og:type\" content=\"article\" \/>\n<meta property=\"og:title\" content=\"Chi siamo - Premium Quebracho Blanco Charcoal From Paraguay\" \/>\n<meta property=\"og:description\" content=\"UNA TRADIZIONE DI ECCELLENZA NEL CARBONE DI QUEBRACHO PARAGUAIANO Fondato nel 1990, QuebrachoExport.com \u00e8 stato uno dei principali esportatori di carbone Quebracho Blanco di prima qualit\u00e0 dal Paraguay a vari Paesi europei e agli Stati Uniti. Nel corso degli anni, abbiamo fornito con orgoglio numerosi marchi e marchi privati con il nostro carbone di alta &hellip; Chi siamo Leggi tutto \u00bb\" \/>\n<meta property=\"og:url\" content=\"https:\/\/chiaexport.com\/it\/chi-siamo\/\" \/>\n<meta property=\"og:site_name\" content=\"Premium Quebracho Blanco Charcoal From Paraguay\" \/>\n<meta property=\"article:publisher\" content=\"https:\/\/www.facebook.com\/quebrachoexport\" \/>\n<meta property=\"article:modified_time\" content=\"2023-05-06T19:24:16+00:00\" \/>\n<meta name=\"twitter:card\" content=\"summary_large_image\" \/>\n<meta name=\"twitter:label1\" content=\"Tempo di lettura stimato\" \/>\n\t<meta name=\"twitter:data1\" content=\"2 minuti\" \/>\n<script type=\"application\/ld+json\" class=\"yoast-schema-graph\">{\"@context\":\"https:\/\/schema.org\",\"@graph\":[{\"@type\":\"WebPage\",\"@id\":\"https:\/\/chiaexport.com\/it\/chi-siamo\/\",\"url\":\"https:\/\/chiaexport.com\/it\/chi-siamo\/\",\"name\":\"Chi siamo - Premium Quebracho Blanco Charcoal From Paraguay\",\"isPartOf\":{\"@id\":\"https:\/\/chiaexport.com\/it\/#website\"},\"datePublished\":\"2022-02-24T05:03:32+00:00\",\"dateModified\":\"2023-05-06T19:24:16+00:00\",\"breadcrumb\":{\"@id\":\"https:\/\/chiaexport.com\/it\/chi-siamo\/#breadcrumb\"},\"inLanguage\":\"it-IT\",\"potentialAction\":[{\"@type\":\"ReadAction\",\"target\":[\"https:\/\/chiaexport.com\/it\/chi-siamo\/\"]}]},{\"@type\":\"BreadcrumbList\",\"@id\":\"https:\/\/chiaexport.com\/it\/chi-siamo\/#breadcrumb\",\"itemListElement\":[{\"@type\":\"ListItem\",\"position\":1,\"name\":\"Home\",\"item\":\"https:\/\/chiaexport.com\/it\/\"},{\"@type\":\"ListItem\",\"position\":2,\"name\":\"Chi siamo\"}]},{\"@type\":\"WebSite\",\"@id\":\"https:\/\/chiaexport.com\/it\/#website\",\"url\":\"https:\/\/chiaexport.com\/it\/\",\"name\":\"Premium Quebracho Blanco Charcoal From Paraguay\",\"description\":\"\",\"publisher\":{\"@id\":\"https:\/\/chiaexport.com\/it\/#organization\"},\"potentialAction\":[{\"@type\":\"SearchAction\",\"target\":{\"@type\":\"EntryPoint\",\"urlTemplate\":\"https:\/\/chiaexport.com\/it\/?s={search_term_string}\"},\"query-input\":{\"@type\":\"PropertyValueSpecification\",\"valueRequired\":true,\"valueName\":\"search_term_string\"}}],\"inLanguage\":\"it-IT\"},{\"@type\":\"Organization\",\"@id\":\"https:\/\/chiaexport.com\/it\/#organization\",\"name\":\"Premium Quebracho Blanco Charcoal From Paraguay\",\"url\":\"https:\/\/chiaexport.com\/it\/\",\"logo\":{\"@type\":\"ImageObject\",\"inLanguage\":\"it-IT\",\"@id\":\"https:\/\/chiaexport.com\/it\/#\/schema\/logo\/image\/\",\"url\":\"https:\/\/chiaexport.com\/wp-content\/uploads\/2023\/05\/Quebracho-Blanco-Logo-5.png\",\"contentUrl\":\"https:\/\/chiaexport.com\/wp-content\/uploads\/2023\/05\/Quebracho-Blanco-Logo-5.png\",\"width\":180,\"height\":60,\"caption\":\"Premium Quebracho Blanco Charcoal From Paraguay\"},\"image\":{\"@id\":\"https:\/\/chiaexport.com\/it\/#\/schema\/logo\/image\/\"},\"sameAs\":[\"https:\/\/www.facebook.com\/quebrachoexport\",\"https:\/\/www.linkedin.com\/company\/93223467\"]}]}<\/script>\n<!-- \/ Yoast SEO plugin. -->","yoast_head_json":{"title":"Chi siamo - Premium Quebracho Blanco Charcoal From Paraguay","robots":{"index":"index","follow":"follow","max-snippet":"max-snippet:-1","max-image-preview":"max-image-preview:large","max-video-preview":"max-video-preview:-1"},"canonical":"https:\/\/chiaexport.com\/it\/chi-siamo\/","og_locale":"it_IT","og_type":"article","og_title":"Chi siamo - Premium Quebracho Blanco Charcoal From Paraguay","og_description":"UNA TRADIZIONE DI ECCELLENZA NEL CARBONE DI QUEBRACHO PARAGUAIANO Fondato nel 1990, QuebrachoExport.com \u00e8 stato uno dei principali esportatori di carbone Quebracho Blanco di prima qualit\u00e0 dal Paraguay a vari Paesi europei e agli Stati Uniti. Nel corso degli anni, abbiamo fornito con orgoglio numerosi marchi e marchi privati con il nostro carbone di alta &hellip; Chi siamo Leggi tutto \u00bb","og_url":"https:\/\/chiaexport.com\/it\/chi-siamo\/","og_site_name":"Premium Quebracho Blanco Charcoal From Paraguay","article_publisher":"https:\/\/www.facebook.com\/quebrachoexport","article_modified_time":"2023-05-06T19:24:16+00:00","twitter_card":"summary_large_image","twitter_misc":{"Tempo di lettura stimato":"2 minuti"},"schema":{"@context":"https:\/\/schema.org","@graph":[{"@type":"WebPage","@id":"https:\/\/chiaexport.com\/it\/chi-siamo\/","url":"https:\/\/chiaexport.com\/it\/chi-siamo\/","name":"Chi siamo - Premium Quebracho Blanco Charcoal From Paraguay","isPartOf":{"@id":"https:\/\/chiaexport.com\/it\/#website"},"datePublished":"2022-02-24T05:03:32+00:00","dateModified":"2023-05-06T19:24:16+00:00","breadcrumb":{"@id":"https:\/\/chiaexport.com\/it\/chi-siamo\/#breadcrumb"},"inLanguage":"it-IT","potentialAction":[{"@type":"ReadAction","target":["https:\/\/chiaexport.com\/it\/chi-siamo\/"]}]},{"@type":"BreadcrumbList","@id":"https:\/\/chiaexport.com\/it\/chi-siamo\/#breadcrumb","itemListElement":[{"@type":"ListItem","position":1,"name":"Home","item":"https:\/\/chiaexport.com\/it\/"},{"@type":"ListItem","position":2,"name":"Chi siamo"}]},{"@type":"WebSite","@id":"https:\/\/chiaexport.com\/it\/#website","url":"https:\/\/chiaexport.com\/it\/","name":"Premium Quebracho Blanco Charcoal From Paraguay","description":"","publisher":{"@id":"https:\/\/chiaexport.com\/it\/#organization"},"potentialAction":[{"@type":"SearchAction","target":{"@type":"EntryPoint","urlTemplate":"https:\/\/chiaexport.com\/it\/?s={search_term_string}"},"query-input":{"@type":"PropertyValueSpecification","valueRequired":true,"valueName":"search_term_string"}}],"inLanguage":"it-IT"},{"@type":"Organization","@id":"https:\/\/chiaexport.com\/it\/#organization","name":"Premium Quebracho Blanco Charcoal From Paraguay","url":"https:\/\/chiaexport.com\/it\/","logo":{"@type":"ImageObject","inLanguage":"it-IT","@id":"https:\/\/chiaexport.com\/it\/#\/schema\/logo\/image\/","url":"https:\/\/chiaexport.com\/wp-content\/uploads\/2023\/05\/Quebracho-Blanco-Logo-5.png","contentUrl":"https:\/\/chiaexport.com\/wp-content\/uploads\/2023\/05\/Quebracho-Blanco-Logo-5.png","width":180,"height":60,"caption":"Premium Quebracho Blanco Charcoal From Paraguay"},"image":{"@id":"https:\/\/chiaexport.com\/it\/#\/schema\/logo\/image\/"},"sameAs":["https:\/\/www.facebook.com\/quebrachoexport","https:\/\/www.linkedin.com\/company\/93223467"]}]}},"uagb_featured_image_src":{"full":false,"thumbnail":false,"medium":false,"medium_large":false,"large":false,"1536x1536":false,"2048x2048":false},"uagb_author_info":{"display_name":"admin","author_link":"https:\/\/chiaexport.com\/it\/author\/admin\/"},"uagb_comment_info":0,"uagb_excerpt":"UNA TRADIZIONE DI ECCELLENZA NEL CARBONE DI QUEBRACHO PARAGUAIANO Fondato nel 1990, QuebrachoExport.com \u00e8 stato uno dei principali esportatori di carbone Quebracho Blanco di prima qualit\u00e0 dal Paraguay a vari Paesi europei e agli Stati Uniti. Nel corso degli anni, abbiamo fornito con orgoglio numerosi marchi e marchi privati con il nostro carbone di alta&hellip;","_links":{"self":[{"href":"https:\/\/chiaexport.com\/it\/wp-json\/wp\/v2\/pages\/2445","targetHints":{"allow":["GET"]}}],"collection":[{"href":"https:\/\/chiaexport.com\/it\/wp-json\/wp\/v2\/pages"}],"about":[{"href":"https:\/\/chiaexport.com\/it\/wp-json\/wp\/v2\/types\/page"}],"author":[{"embeddable":true,"href":"https:\/\/chiaexport.com\/it\/wp-json\/wp\/v2\/users\/1"}],"replies":[{"embeddable":true,"href":"https:\/\/chiaexport.com\/it\/wp-json\/wp\/v2\/comments?post=2445"}],"version-history":[{"count":1,"href":"https:\/\/chiaexport.com\/it\/wp-json\/wp\/v2\/pages\/2445\/revisions"}],"predecessor-version":[{"id":2446,"href":"https:\/\/chiaexport.com\/it\/wp-json\/wp\/v2\/pages\/2445\/revisions\/2446"}],"wp:attachment":[{"href":"https:\/\/chiaexport.com\/it\/wp-json\/wp\/v2\/media?parent=2445"}],"curies":[{"name":"wp","href":"https:\/\/api.w.org\/{rel}","templated":true}]}}