{"id":2419,"date":"2022-02-24T05:03:32","date_gmt":"2022-02-24T05:03:32","guid":{"rendered":"https:\/\/chiaexport.com\/sobre-nosotros\/"},"modified":"2023-05-06T19:24:12","modified_gmt":"2023-05-06T19:24:12","slug":"sobre-nosotros","status":"publish","type":"page","link":"https:\/\/chiaexport.com\/es\/sobre-nosotros\/","title":{"rendered":"Sobre nosotros"},"content":{"rendered":"\n<div class=\"wp-block-uagb-container uagb-block-47366506 alignfull uagb-is-root-container\"><div class=\"uagb-container-inner-blocks-wrap\">\n<div class=\"wp-block-uagb-advanced-heading uagb-block-d97bb5be\"><h2 class=\"uagb-heading-text\">UNA TRADICI\u00d3N DE EXCELENCIA EN EL CARB\u00d3N DE QUEBRACHO PARAGUAYO<\/h2><\/div>\n\n\n\n<p><\/p>\n\n\n\n<p>Fundada en 1990, QuebrachoExport.com ha sido uno de los principales exportadores de carb\u00f3n vegetal Quebracho Blanco de primera calidad de Paraguay a varios pa\u00edses europeos y a Estados Unidos. A lo largo de los a\u00f1os, hemos suministrado con orgullo nuestro carb\u00f3n de alta calidad a numerosas marcas y marcas blancas, garantizando a nuestros clientes una experiencia culinaria al aire libre agradable y sin problemas.<\/p>\n\n\n\n<p>Nuestro \u00e9xito radica en nuestro compromiso inquebrantable de utilizar \u00fanicamente madera de Quebracho Blanco paraguayo de la mejor calidad en la producci\u00f3n de nuestro carb\u00f3n vegetal. Esta dedicaci\u00f3n garantiza un producto de primera calidad que minimiza el humo y las chispas, al tiempo que conserva el aut\u00e9ntico aroma natural del carb\u00f3n vegetal.<\/p>\n\n\n\n<p>Conocida por su densidad y sus propiedades de combusti\u00f3n lenta, la madera de Quebracho Blanco es la elecci\u00f3n ideal para elaborar carb\u00f3n de primera calidad con un alto poder calor\u00edfico y una combusti\u00f3n duradera. Cuidadosamente seleccionado y procesado, nuestro carb\u00f3n Quebracho es perfecto para sesiones de cocina prolongadas, eliminando la necesidad de repostar constantemente y permiti\u00e9ndole centrarse en sus creaciones culinarias.<\/p>\n\n\n\n<p>Nuestro carb\u00f3n Quebracho se distingue de la competencia por producir menos humo y chispas, lo que lo convierte en una opci\u00f3n m\u00e1s segura y c\u00f3moda para todas sus necesidades de cocina al aire libre. Rigurosamente probado para cumplir las normas de calidad m\u00e1s exigentes, nuestro carb\u00f3n ofrece siempre un rendimiento excelente, sea cual sea el entorno de cocci\u00f3n.<\/p>\n\n\n\n<p>En QuebrachoExport.com, nos enorgullece enormemente nuestro compromiso de ofrecer a los clientes el mejor carb\u00f3n de Quebracho del mercado. Nuestra amplia experiencia en la exportaci\u00f3n de carb\u00f3n vegetal de Quebracho, combinada con nuestra incesante b\u00fasqueda de la calidad, ha consolidado nuestra reputaci\u00f3n como proveedor de confianza de la industria. Experimente la diferencia QuebrachoExport.com y eleve su experiencia culinaria al aire libre hoy mismo.<\/p>\n<\/div><\/div>\n","protected":false},"excerpt":{"rendered":"<p>UNA TRADICI\u00d3N DE EXCELENCIA EN EL CARB\u00d3N DE QUEBRACHO PARAGUAYO Fundada en 1990, QuebrachoExport.com ha sido uno de los principales exportadores de carb\u00f3n vegetal Quebracho Blanco de primera calidad de Paraguay a varios pa\u00edses europeos y a Estados Unidos. A lo largo de los a\u00f1os, hemos suministrado con orgullo nuestro carb\u00f3n de alta calidad a &hellip;<\/p>\n<p class=\"read-more\"> <a class=\"\" href=\"https:\/\/chiaexport.com\/es\/sobre-nosotros\/\"> <span class=\"screen-reader-text\">Sobre nosotros<\/span> Leer m\u00e1s \u00bb<\/a><\/p>\n","protected":false},"author":1,"featured_media":0,"parent":0,"menu_order":0,"comment_status":"closed","ping_status":"closed","template":"","meta":{"_uag_custom_page_level_css":"","site-sidebar-layout":"no-sidebar","site-content-layout":"page-builder","ast-global-header-display":"","ast-main-header-display":"","ast-hfb-above-header-display":"","ast-hfb-below-header-display":"","ast-hfb-mobile-header-display":"","site-post-title":"disabled","ast-breadcrumbs-content":"","ast-featured-img":"disabled","footer-sml-layout":"","theme-transparent-header-meta":"enabled","adv-header-id-meta":"","stick-header-meta":"","header-above-stick-meta":"","header-main-stick-meta":"","header-below-stick-meta":"","footnotes":""},"class_list":["post-2419","page","type-page","status-publish","hentry"],"yoast_head":"<!-- This site is optimized with the Yoast SEO plugin v27.2 - https:\/\/yoast.com\/product\/yoast-seo-wordpress\/ -->\n<title>Sobre nosotros - Premium Quebracho Blanco Charcoal From Paraguay<\/title>\n<meta name=\"robots\" content=\"index, follow, max-snippet:-1, max-image-preview:large, max-video-preview:-1\" \/>\n<link rel=\"canonical\" href=\"https:\/\/chiaexport.com\/es\/sobre-nosotros\/\" \/>\n<meta property=\"og:locale\" content=\"es_ES\" \/>\n<meta property=\"og:type\" content=\"article\" \/>\n<meta property=\"og:title\" content=\"Sobre nosotros - Premium Quebracho Blanco Charcoal From Paraguay\" \/>\n<meta property=\"og:description\" content=\"UNA TRADICI\u00d3N DE EXCELENCIA EN EL CARB\u00d3N DE QUEBRACHO PARAGUAYO Fundada en 1990, QuebrachoExport.com ha sido uno de los principales exportadores de carb\u00f3n vegetal Quebracho Blanco de primera calidad de Paraguay a varios pa\u00edses europeos y a Estados Unidos. A lo largo de los a\u00f1os, hemos suministrado con orgullo nuestro carb\u00f3n de alta calidad a &hellip; Sobre nosotros Leer m\u00e1s \u00bb\" \/>\n<meta property=\"og:url\" content=\"https:\/\/chiaexport.com\/es\/sobre-nosotros\/\" \/>\n<meta property=\"og:site_name\" content=\"Premium Quebracho Blanco Charcoal From Paraguay\" \/>\n<meta property=\"article:publisher\" content=\"https:\/\/www.facebook.com\/quebrachoexport\" \/>\n<meta property=\"article:modified_time\" content=\"2023-05-06T19:24:12+00:00\" \/>\n<meta name=\"twitter:card\" content=\"summary_large_image\" \/>\n<meta name=\"twitter:label1\" content=\"Tiempo de lectura\" \/>\n\t<meta name=\"twitter:data1\" content=\"2 minutos\" \/>\n<script type=\"application\/ld+json\" class=\"yoast-schema-graph\">{\"@context\":\"https:\/\/schema.org\",\"@graph\":[{\"@type\":\"WebPage\",\"@id\":\"https:\/\/chiaexport.com\/es\/sobre-nosotros\/\",\"url\":\"https:\/\/chiaexport.com\/es\/sobre-nosotros\/\",\"name\":\"Sobre nosotros - Premium Quebracho Blanco Charcoal From Paraguay\",\"isPartOf\":{\"@id\":\"https:\/\/chiaexport.com\/es\/#website\"},\"datePublished\":\"2022-02-24T05:03:32+00:00\",\"dateModified\":\"2023-05-06T19:24:12+00:00\",\"breadcrumb\":{\"@id\":\"https:\/\/chiaexport.com\/es\/sobre-nosotros\/#breadcrumb\"},\"inLanguage\":\"es\",\"potentialAction\":[{\"@type\":\"ReadAction\",\"target\":[\"https:\/\/chiaexport.com\/es\/sobre-nosotros\/\"]}]},{\"@type\":\"BreadcrumbList\",\"@id\":\"https:\/\/chiaexport.com\/es\/sobre-nosotros\/#breadcrumb\",\"itemListElement\":[{\"@type\":\"ListItem\",\"position\":1,\"name\":\"Home\",\"item\":\"https:\/\/chiaexport.com\/es\/\"},{\"@type\":\"ListItem\",\"position\":2,\"name\":\"Sobre nosotros\"}]},{\"@type\":\"WebSite\",\"@id\":\"https:\/\/chiaexport.com\/es\/#website\",\"url\":\"https:\/\/chiaexport.com\/es\/\",\"name\":\"Premium Quebracho Blanco Charcoal From Paraguay\",\"description\":\"\",\"publisher\":{\"@id\":\"https:\/\/chiaexport.com\/es\/#organization\"},\"potentialAction\":[{\"@type\":\"SearchAction\",\"target\":{\"@type\":\"EntryPoint\",\"urlTemplate\":\"https:\/\/chiaexport.com\/es\/?s={search_term_string}\"},\"query-input\":{\"@type\":\"PropertyValueSpecification\",\"valueRequired\":true,\"valueName\":\"search_term_string\"}}],\"inLanguage\":\"es\"},{\"@type\":\"Organization\",\"@id\":\"https:\/\/chiaexport.com\/es\/#organization\",\"name\":\"Premium Quebracho Blanco Charcoal From Paraguay\",\"url\":\"https:\/\/chiaexport.com\/es\/\",\"logo\":{\"@type\":\"ImageObject\",\"inLanguage\":\"es\",\"@id\":\"https:\/\/chiaexport.com\/es\/#\/schema\/logo\/image\/\",\"url\":\"https:\/\/chiaexport.com\/wp-content\/uploads\/2023\/05\/Quebracho-Blanco-Logo-5.png\",\"contentUrl\":\"https:\/\/chiaexport.com\/wp-content\/uploads\/2023\/05\/Quebracho-Blanco-Logo-5.png\",\"width\":180,\"height\":60,\"caption\":\"Premium Quebracho Blanco Charcoal From Paraguay\"},\"image\":{\"@id\":\"https:\/\/chiaexport.com\/es\/#\/schema\/logo\/image\/\"},\"sameAs\":[\"https:\/\/www.facebook.com\/quebrachoexport\",\"https:\/\/www.linkedin.com\/company\/93223467\"]}]}<\/script>\n<!-- \/ Yoast SEO plugin. -->","yoast_head_json":{"title":"Sobre nosotros - Premium Quebracho Blanco Charcoal From Paraguay","robots":{"index":"index","follow":"follow","max-snippet":"max-snippet:-1","max-image-preview":"max-image-preview:large","max-video-preview":"max-video-preview:-1"},"canonical":"https:\/\/chiaexport.com\/es\/sobre-nosotros\/","og_locale":"es_ES","og_type":"article","og_title":"Sobre nosotros - Premium Quebracho Blanco Charcoal From Paraguay","og_description":"UNA TRADICI\u00d3N DE EXCELENCIA EN EL CARB\u00d3N DE QUEBRACHO PARAGUAYO Fundada en 1990, QuebrachoExport.com ha sido uno de los principales exportadores de carb\u00f3n vegetal Quebracho Blanco de primera calidad de Paraguay a varios pa\u00edses europeos y a Estados Unidos. A lo largo de los a\u00f1os, hemos suministrado con orgullo nuestro carb\u00f3n de alta calidad a &hellip; Sobre nosotros Leer m\u00e1s \u00bb","og_url":"https:\/\/chiaexport.com\/es\/sobre-nosotros\/","og_site_name":"Premium Quebracho Blanco Charcoal From Paraguay","article_publisher":"https:\/\/www.facebook.com\/quebrachoexport","article_modified_time":"2023-05-06T19:24:12+00:00","twitter_card":"summary_large_image","twitter_misc":{"Tiempo de lectura":"2 minutos"},"schema":{"@context":"https:\/\/schema.org","@graph":[{"@type":"WebPage","@id":"https:\/\/chiaexport.com\/es\/sobre-nosotros\/","url":"https:\/\/chiaexport.com\/es\/sobre-nosotros\/","name":"Sobre nosotros - Premium Quebracho Blanco Charcoal From Paraguay","isPartOf":{"@id":"https:\/\/chiaexport.com\/es\/#website"},"datePublished":"2022-02-24T05:03:32+00:00","dateModified":"2023-05-06T19:24:12+00:00","breadcrumb":{"@id":"https:\/\/chiaexport.com\/es\/sobre-nosotros\/#breadcrumb"},"inLanguage":"es","potentialAction":[{"@type":"ReadAction","target":["https:\/\/chiaexport.com\/es\/sobre-nosotros\/"]}]},{"@type":"BreadcrumbList","@id":"https:\/\/chiaexport.com\/es\/sobre-nosotros\/#breadcrumb","itemListElement":[{"@type":"ListItem","position":1,"name":"Home","item":"https:\/\/chiaexport.com\/es\/"},{"@type":"ListItem","position":2,"name":"Sobre nosotros"}]},{"@type":"WebSite","@id":"https:\/\/chiaexport.com\/es\/#website","url":"https:\/\/chiaexport.com\/es\/","name":"Premium Quebracho Blanco Charcoal From Paraguay","description":"","publisher":{"@id":"https:\/\/chiaexport.com\/es\/#organization"},"potentialAction":[{"@type":"SearchAction","target":{"@type":"EntryPoint","urlTemplate":"https:\/\/chiaexport.com\/es\/?s={search_term_string}"},"query-input":{"@type":"PropertyValueSpecification","valueRequired":true,"valueName":"search_term_string"}}],"inLanguage":"es"},{"@type":"Organization","@id":"https:\/\/chiaexport.com\/es\/#organization","name":"Premium Quebracho Blanco Charcoal From Paraguay","url":"https:\/\/chiaexport.com\/es\/","logo":{"@type":"ImageObject","inLanguage":"es","@id":"https:\/\/chiaexport.com\/es\/#\/schema\/logo\/image\/","url":"https:\/\/chiaexport.com\/wp-content\/uploads\/2023\/05\/Quebracho-Blanco-Logo-5.png","contentUrl":"https:\/\/chiaexport.com\/wp-content\/uploads\/2023\/05\/Quebracho-Blanco-Logo-5.png","width":180,"height":60,"caption":"Premium Quebracho Blanco Charcoal From Paraguay"},"image":{"@id":"https:\/\/chiaexport.com\/es\/#\/schema\/logo\/image\/"},"sameAs":["https:\/\/www.facebook.com\/quebrachoexport","https:\/\/www.linkedin.com\/company\/93223467"]}]}},"uagb_featured_image_src":{"full":false,"thumbnail":false,"medium":false,"medium_large":false,"large":false,"1536x1536":false,"2048x2048":false},"uagb_author_info":{"display_name":"admin","author_link":"https:\/\/chiaexport.com\/es\/author\/admin\/"},"uagb_comment_info":0,"uagb_excerpt":"UNA TRADICI\u00d3N DE EXCELENCIA EN EL CARB\u00d3N DE QUEBRACHO PARAGUAYO Fundada en 1990, QuebrachoExport.com ha sido uno de los principales exportadores de carb\u00f3n vegetal Quebracho Blanco de primera calidad de Paraguay a varios pa\u00edses europeos y a Estados Unidos. A lo largo de los a\u00f1os, hemos suministrado con orgullo nuestro carb\u00f3n de alta calidad a&hellip;","_links":{"self":[{"href":"https:\/\/chiaexport.com\/es\/wp-json\/wp\/v2\/pages\/2419","targetHints":{"allow":["GET"]}}],"collection":[{"href":"https:\/\/chiaexport.com\/es\/wp-json\/wp\/v2\/pages"}],"about":[{"href":"https:\/\/chiaexport.com\/es\/wp-json\/wp\/v2\/types\/page"}],"author":[{"embeddable":true,"href":"https:\/\/chiaexport.com\/es\/wp-json\/wp\/v2\/users\/1"}],"replies":[{"embeddable":true,"href":"https:\/\/chiaexport.com\/es\/wp-json\/wp\/v2\/comments?post=2419"}],"version-history":[{"count":1,"href":"https:\/\/chiaexport.com\/es\/wp-json\/wp\/v2\/pages\/2419\/revisions"}],"predecessor-version":[{"id":2423,"href":"https:\/\/chiaexport.com\/es\/wp-json\/wp\/v2\/pages\/2419\/revisions\/2423"}],"wp:attachment":[{"href":"https:\/\/chiaexport.com\/es\/wp-json\/wp\/v2\/media?parent=2419"}],"curies":[{"name":"wp","href":"https:\/\/api.w.org\/{rel}","templated":true}]}}