{"id":2401,"date":"2023-05-02T04:47:54","date_gmt":"2023-05-02T04:47:54","guid":{"rendered":"https:\/\/chiaexport.com\/politica-de-privacidad\/"},"modified":"2023-05-06T19:24:07","modified_gmt":"2023-05-06T19:24:07","slug":"politica-de-privacidad","status":"publish","type":"page","link":"https:\/\/chiaexport.com\/es\/politica-de-privacidad\/","title":{"rendered":"Pol\u00edtica de privacidad"},"content":{"rendered":"\n<p>\u00daltima actualizaci\u00f3n: 6\/5\/2023<\/p>\n\n<p><\/p>\n\n<p>En QuebrachoExport.com, nos comprometemos a proteger su privacidad. Esta Pol\u00edtica de privacidad explica c\u00f3mo recogemos, utilizamos y protegemos su informaci\u00f3n personal cuando visita nuestro sitio web, <a href=\"https:\/\/chiaexport.com\/es\/\">https:\/\/chiaexport.com<\/a> (el \u00abSitio\u00bb).<\/p>\n\n<p>Al utilizar nuestro Sitio, usted acepta las pr\u00e1cticas relativas a los datos descritas en la presente Pol\u00edtica de Privacidad. Si no est\u00e1 de acuerdo con los t\u00e9rminos expuestos en la presente Pol\u00edtica de Privacidad, le rogamos que no acceda a nuestro Sitio ni lo utilice.<\/p>\n\n<ol class=\"wp-block-list\">\n<li>Recogida y uso de la informaci\u00f3n<\/li>\n<\/ol>\n\n<p>Cuando visita nuestro Sitio, podemos recopilar informaci\u00f3n personal como su nombre, direcci\u00f3n de correo electr\u00f3nico, n\u00famero de tel\u00e9fono y direcci\u00f3n de env\u00edo. Esta informaci\u00f3n se utiliza para proporcionarle los productos o servicios que solicita, responder a sus preguntas y comunicarnos con usted en relaci\u00f3n con sus pedidos o cualquier informaci\u00f3n pertinente.<\/p>\n\n<p>Tambi\u00e9n recopilamos informaci\u00f3n no personal sobre el hardware y el software de su ordenador, incluida su direcci\u00f3n IP, tipo de navegador, nombres de dominio, horas de acceso y direcciones de sitios web de referencia. Esta informaci\u00f3n nos ayuda a mantener la calidad de nuestro servicio, comprender las preferencias de los usuarios y analizar los patrones generales de uso de nuestro Sitio.<\/p>\n\n<ol class=\"wp-block-list\" start=\"2\">\n<li>Uso de cookies<\/li>\n<\/ol>\n\n<p>Nuestro sitio utiliza \u00abcookies\u00bb para personalizar su experiencia en l\u00ednea. Una cookie es un peque\u00f1o archivo de texto que se almacena en su ordenador o dispositivo m\u00f3vil cuando visita determinadas p\u00e1ginas web. Las cookies nos ayudan a comprender sus preferencias bas\u00e1ndonos en su actividad anterior o actual en el sitio, lo que nos permite ofrecerle mejores servicios. Usted tiene la opci\u00f3n de aceptar o rechazar las cookies. La mayor\u00eda de los navegadores aceptan autom\u00e1ticamente las cookies, pero usted puede modificar la configuraci\u00f3n de su navegador para rechazarlas si lo prefiere.<\/p>\n\n<ol class=\"wp-block-list\" start=\"3\">\n<li>Intercambio y divulgaci\u00f3n de informaci\u00f3n<\/li>\n<\/ol>\n\n<p>No vendemos, alquilamos ni cedemos nuestras listas de clientes o informaci\u00f3n personal a terceros. Podemos compartir su informaci\u00f3n personal con terceros proveedores de servicios de confianza para que nos ayuden a realizar an\u00e1lisis estad\u00edsticos, enviarle correos electr\u00f3nicos o postales, proporcionarle asistencia al cliente u organizar las entregas. Todos estos terceros tienen prohibido utilizar su informaci\u00f3n personal excepto para prestar estos servicios, y est\u00e1n obligados a mantener la confidencialidad de su informaci\u00f3n.<\/p>\n\n<p>Tambi\u00e9n podemos revelar su informaci\u00f3n personal si as\u00ed lo exige la ley o si creemos de buena fe que dicha acci\u00f3n es necesaria para: (a) cumplir con requisitos legales o procesos legales notificados a QuebrachoExport.com; (b) proteger y defender los derechos o la propiedad de QuebrachoExport.com; o (c) actuar en circunstancias apremiantes para proteger la seguridad personal de los usuarios de QuebrachoExport.com o del p\u00fablico.<\/p>\n\n<ol class=\"wp-block-list\" start=\"4\">\n<li>Seguridad<\/li>\n<\/ol>\n\n<p>Nos tomamos muy en serio la seguridad de sus datos personales y aplicamos medidas de seguridad razonables para proteger su informaci\u00f3n frente a accesos, usos o divulgaciones no autorizados. Sin embargo, ning\u00fan m\u00e9todo de transmisi\u00f3n de datos o almacenamiento electr\u00f3nico es seguro al 100%. Por lo tanto, aunque nos esforzamos por proteger su informaci\u00f3n personal, no podemos garantizar su seguridad absoluta.<\/p>\n\n<ol class=\"wp-block-list\" start=\"5\">\n<li>Enlaces a otros sitios web<\/li>\n<\/ol>\n\n<p>Nuestro Sitio puede contener enlaces a otros sitios web. No somos responsables del contenido, las pol\u00edticas de privacidad o las pr\u00e1cticas de estos sitios externos. Le recomendamos que consulte las pol\u00edticas de privacidad de todos los sitios web que visite.<\/p>\n\n<ol class=\"wp-block-list\" start=\"6\">\n<li>Cambios en esta pol\u00edtica de privacidad<\/li>\n<\/ol>\n\n<p>Es posible que actualicemos ocasionalmente esta Pol\u00edtica de Privacidad para reflejar los comentarios de la empresa y de los clientes o los cambios en la legislaci\u00f3n sobre privacidad. Le recomendamos que revise peri\u00f3dicamente esta Pol\u00edtica de Privacidad para mantenerse informado sobre c\u00f3mo protegemos su informaci\u00f3n.<\/p>\n\n<ol class=\"wp-block-list\" start=\"7\">\n<li>Informaci\u00f3n de contacto<\/li>\n<\/ol>\n\n<p>Si tiene alguna pregunta o duda sobre esta Pol\u00edtica de privacidad o nuestras pr\u00e1cticas de tratamiento de datos, p\u00f3ngase en contacto con nosotros en:<\/p>\n\n<p>QuebrachoExport.com  <\/p>\n\n<p>Mois\u00e9s Bertoni 2749  <\/p>\n\n<p>Correo electr\u00f3nico: info@chiaexport.com  <\/p>\n\n<p>Tel\u00e9fono: +595991850766<\/p>\n\n<p>Responderemos a sus preguntas y haremos todo lo posible para resolver cualquier duda que pueda tener.<\/p>\n","protected":false},"excerpt":{"rendered":"<p>\u00daltima actualizaci\u00f3n: 6\/5\/2023 En QuebrachoExport.com, nos comprometemos a proteger su privacidad. Esta Pol\u00edtica de privacidad explica c\u00f3mo recogemos, utilizamos y protegemos su informaci\u00f3n personal cuando visita nuestro sitio web, https:\/\/chiaexport.com (el \u00abSitio\u00bb). Al utilizar nuestro Sitio, usted acepta las pr\u00e1cticas relativas a los datos descritas en la presente Pol\u00edtica de Privacidad. Si no est\u00e1 de &hellip;<\/p>\n<p class=\"read-more\"> <a class=\"\" href=\"https:\/\/chiaexport.com\/es\/politica-de-privacidad\/\"> <span class=\"screen-reader-text\">Pol\u00edtica de privacidad<\/span> Leer m\u00e1s \u00bb<\/a><\/p>\n","protected":false},"author":1,"featured_media":0,"parent":0,"menu_order":0,"comment_status":"closed","ping_status":"open","template":"","meta":{"_uag_custom_page_level_css":"","site-sidebar-layout":"default","site-content-layout":"default","ast-global-header-display":"","ast-main-header-display":"","ast-hfb-above-header-display":"","ast-hfb-below-header-display":"","ast-hfb-mobile-header-display":"","site-post-title":"","ast-breadcrumbs-content":"","ast-featured-img":"","footer-sml-layout":"","theme-transparent-header-meta":"","adv-header-id-meta":"","stick-header-meta":"","header-above-stick-meta":"","header-main-stick-meta":"","header-below-stick-meta":"","footnotes":""},"class_list":["post-2401","page","type-page","status-publish","hentry"],"yoast_head":"<!-- This site is optimized with the Yoast SEO plugin v27.2 - https:\/\/yoast.com\/product\/yoast-seo-wordpress\/ -->\n<title>Pol\u00edtica de privacidad - Premium Quebracho Blanco Charcoal From Paraguay<\/title>\n<meta name=\"robots\" content=\"index, follow, max-snippet:-1, max-image-preview:large, max-video-preview:-1\" \/>\n<link rel=\"canonical\" href=\"https:\/\/chiaexport.com\/es\/politica-de-privacidad\/\" \/>\n<meta property=\"og:locale\" content=\"es_ES\" \/>\n<meta property=\"og:type\" content=\"article\" \/>\n<meta property=\"og:title\" content=\"Pol\u00edtica de privacidad - Premium Quebracho Blanco Charcoal From Paraguay\" \/>\n<meta property=\"og:description\" content=\"\u00daltima actualizaci\u00f3n: 6\/5\/2023 En QuebrachoExport.com, nos comprometemos a proteger su privacidad. Esta Pol\u00edtica de privacidad explica c\u00f3mo recogemos, utilizamos y protegemos su informaci\u00f3n personal cuando visita nuestro sitio web, https:\/\/chiaexport.com (el \u00abSitio\u00bb). Al utilizar nuestro Sitio, usted acepta las pr\u00e1cticas relativas a los datos descritas en la presente Pol\u00edtica de Privacidad. Si no est\u00e1 de &hellip; Pol\u00edtica de privacidad Leer m\u00e1s \u00bb\" \/>\n<meta property=\"og:url\" content=\"https:\/\/chiaexport.com\/es\/politica-de-privacidad\/\" \/>\n<meta property=\"og:site_name\" content=\"Premium Quebracho Blanco Charcoal From Paraguay\" \/>\n<meta property=\"article:publisher\" content=\"https:\/\/www.facebook.com\/quebrachoexport\" \/>\n<meta property=\"article:modified_time\" content=\"2023-05-06T19:24:07+00:00\" \/>\n<meta name=\"twitter:card\" content=\"summary_large_image\" \/>\n<meta name=\"twitter:label1\" content=\"Tiempo de lectura\" \/>\n\t<meta name=\"twitter:data1\" content=\"4 minutos\" \/>\n<script type=\"application\/ld+json\" class=\"yoast-schema-graph\">{\"@context\":\"https:\/\/schema.org\",\"@graph\":[{\"@type\":\"WebPage\",\"@id\":\"https:\/\/chiaexport.com\/es\/politica-de-privacidad\/\",\"url\":\"https:\/\/chiaexport.com\/es\/politica-de-privacidad\/\",\"name\":\"Pol\u00edtica de privacidad - Premium Quebracho Blanco Charcoal From Paraguay\",\"isPartOf\":{\"@id\":\"https:\/\/chiaexport.com\/es\/#website\"},\"datePublished\":\"2023-05-02T04:47:54+00:00\",\"dateModified\":\"2023-05-06T19:24:07+00:00\",\"breadcrumb\":{\"@id\":\"https:\/\/chiaexport.com\/es\/politica-de-privacidad\/#breadcrumb\"},\"inLanguage\":\"es\",\"potentialAction\":[{\"@type\":\"ReadAction\",\"target\":[\"https:\/\/chiaexport.com\/es\/politica-de-privacidad\/\"]}]},{\"@type\":\"BreadcrumbList\",\"@id\":\"https:\/\/chiaexport.com\/es\/politica-de-privacidad\/#breadcrumb\",\"itemListElement\":[{\"@type\":\"ListItem\",\"position\":1,\"name\":\"Home\",\"item\":\"https:\/\/chiaexport.com\/es\/\"},{\"@type\":\"ListItem\",\"position\":2,\"name\":\"Pol\u00edtica de privacidad\"}]},{\"@type\":\"WebSite\",\"@id\":\"https:\/\/chiaexport.com\/es\/#website\",\"url\":\"https:\/\/chiaexport.com\/es\/\",\"name\":\"Premium Quebracho Blanco Charcoal From Paraguay\",\"description\":\"\",\"publisher\":{\"@id\":\"https:\/\/chiaexport.com\/es\/#organization\"},\"potentialAction\":[{\"@type\":\"SearchAction\",\"target\":{\"@type\":\"EntryPoint\",\"urlTemplate\":\"https:\/\/chiaexport.com\/es\/?s={search_term_string}\"},\"query-input\":{\"@type\":\"PropertyValueSpecification\",\"valueRequired\":true,\"valueName\":\"search_term_string\"}}],\"inLanguage\":\"es\"},{\"@type\":\"Organization\",\"@id\":\"https:\/\/chiaexport.com\/es\/#organization\",\"name\":\"Premium Quebracho Blanco Charcoal From Paraguay\",\"url\":\"https:\/\/chiaexport.com\/es\/\",\"logo\":{\"@type\":\"ImageObject\",\"inLanguage\":\"es\",\"@id\":\"https:\/\/chiaexport.com\/es\/#\/schema\/logo\/image\/\",\"url\":\"https:\/\/chiaexport.com\/wp-content\/uploads\/2023\/05\/Quebracho-Blanco-Logo-5.png\",\"contentUrl\":\"https:\/\/chiaexport.com\/wp-content\/uploads\/2023\/05\/Quebracho-Blanco-Logo-5.png\",\"width\":180,\"height\":60,\"caption\":\"Premium Quebracho Blanco Charcoal From Paraguay\"},\"image\":{\"@id\":\"https:\/\/chiaexport.com\/es\/#\/schema\/logo\/image\/\"},\"sameAs\":[\"https:\/\/www.facebook.com\/quebrachoexport\",\"https:\/\/www.linkedin.com\/company\/93223467\"]}]}<\/script>\n<!-- \/ Yoast SEO plugin. -->","yoast_head_json":{"title":"Pol\u00edtica de privacidad - Premium Quebracho Blanco Charcoal From Paraguay","robots":{"index":"index","follow":"follow","max-snippet":"max-snippet:-1","max-image-preview":"max-image-preview:large","max-video-preview":"max-video-preview:-1"},"canonical":"https:\/\/chiaexport.com\/es\/politica-de-privacidad\/","og_locale":"es_ES","og_type":"article","og_title":"Pol\u00edtica de privacidad - Premium Quebracho Blanco Charcoal From Paraguay","og_description":"\u00daltima actualizaci\u00f3n: 6\/5\/2023 En QuebrachoExport.com, nos comprometemos a proteger su privacidad. Esta Pol\u00edtica de privacidad explica c\u00f3mo recogemos, utilizamos y protegemos su informaci\u00f3n personal cuando visita nuestro sitio web, https:\/\/chiaexport.com (el \u00abSitio\u00bb). Al utilizar nuestro Sitio, usted acepta las pr\u00e1cticas relativas a los datos descritas en la presente Pol\u00edtica de Privacidad. Si no est\u00e1 de &hellip; Pol\u00edtica de privacidad Leer m\u00e1s \u00bb","og_url":"https:\/\/chiaexport.com\/es\/politica-de-privacidad\/","og_site_name":"Premium Quebracho Blanco Charcoal From Paraguay","article_publisher":"https:\/\/www.facebook.com\/quebrachoexport","article_modified_time":"2023-05-06T19:24:07+00:00","twitter_card":"summary_large_image","twitter_misc":{"Tiempo de lectura":"4 minutos"},"schema":{"@context":"https:\/\/schema.org","@graph":[{"@type":"WebPage","@id":"https:\/\/chiaexport.com\/es\/politica-de-privacidad\/","url":"https:\/\/chiaexport.com\/es\/politica-de-privacidad\/","name":"Pol\u00edtica de privacidad - Premium Quebracho Blanco Charcoal From Paraguay","isPartOf":{"@id":"https:\/\/chiaexport.com\/es\/#website"},"datePublished":"2023-05-02T04:47:54+00:00","dateModified":"2023-05-06T19:24:07+00:00","breadcrumb":{"@id":"https:\/\/chiaexport.com\/es\/politica-de-privacidad\/#breadcrumb"},"inLanguage":"es","potentialAction":[{"@type":"ReadAction","target":["https:\/\/chiaexport.com\/es\/politica-de-privacidad\/"]}]},{"@type":"BreadcrumbList","@id":"https:\/\/chiaexport.com\/es\/politica-de-privacidad\/#breadcrumb","itemListElement":[{"@type":"ListItem","position":1,"name":"Home","item":"https:\/\/chiaexport.com\/es\/"},{"@type":"ListItem","position":2,"name":"Pol\u00edtica de privacidad"}]},{"@type":"WebSite","@id":"https:\/\/chiaexport.com\/es\/#website","url":"https:\/\/chiaexport.com\/es\/","name":"Premium Quebracho Blanco Charcoal From Paraguay","description":"","publisher":{"@id":"https:\/\/chiaexport.com\/es\/#organization"},"potentialAction":[{"@type":"SearchAction","target":{"@type":"EntryPoint","urlTemplate":"https:\/\/chiaexport.com\/es\/?s={search_term_string}"},"query-input":{"@type":"PropertyValueSpecification","valueRequired":true,"valueName":"search_term_string"}}],"inLanguage":"es"},{"@type":"Organization","@id":"https:\/\/chiaexport.com\/es\/#organization","name":"Premium Quebracho Blanco Charcoal From Paraguay","url":"https:\/\/chiaexport.com\/es\/","logo":{"@type":"ImageObject","inLanguage":"es","@id":"https:\/\/chiaexport.com\/es\/#\/schema\/logo\/image\/","url":"https:\/\/chiaexport.com\/wp-content\/uploads\/2023\/05\/Quebracho-Blanco-Logo-5.png","contentUrl":"https:\/\/chiaexport.com\/wp-content\/uploads\/2023\/05\/Quebracho-Blanco-Logo-5.png","width":180,"height":60,"caption":"Premium Quebracho Blanco Charcoal From Paraguay"},"image":{"@id":"https:\/\/chiaexport.com\/es\/#\/schema\/logo\/image\/"},"sameAs":["https:\/\/www.facebook.com\/quebrachoexport","https:\/\/www.linkedin.com\/company\/93223467"]}]}},"uagb_featured_image_src":{"full":false,"thumbnail":false,"medium":false,"medium_large":false,"large":false,"1536x1536":false,"2048x2048":false},"uagb_author_info":{"display_name":"admin","author_link":"https:\/\/chiaexport.com\/es\/author\/admin\/"},"uagb_comment_info":0,"uagb_excerpt":"\u00daltima actualizaci\u00f3n: 6\/5\/2023 En QuebrachoExport.com, nos comprometemos a proteger su privacidad. Esta Pol\u00edtica de privacidad explica c\u00f3mo recogemos, utilizamos y protegemos su informaci\u00f3n personal cuando visita nuestro sitio web, https:\/\/chiaexport.com (el \u00abSitio\u00bb). Al utilizar nuestro Sitio, usted acepta las pr\u00e1cticas relativas a los datos descritas en la presente Pol\u00edtica de Privacidad. Si no est\u00e1 de&hellip;","_links":{"self":[{"href":"https:\/\/chiaexport.com\/es\/wp-json\/wp\/v2\/pages\/2401","targetHints":{"allow":["GET"]}}],"collection":[{"href":"https:\/\/chiaexport.com\/es\/wp-json\/wp\/v2\/pages"}],"about":[{"href":"https:\/\/chiaexport.com\/es\/wp-json\/wp\/v2\/types\/page"}],"author":[{"embeddable":true,"href":"https:\/\/chiaexport.com\/es\/wp-json\/wp\/v2\/users\/1"}],"replies":[{"embeddable":true,"href":"https:\/\/chiaexport.com\/es\/wp-json\/wp\/v2\/comments?post=2401"}],"version-history":[{"count":1,"href":"https:\/\/chiaexport.com\/es\/wp-json\/wp\/v2\/pages\/2401\/revisions"}],"predecessor-version":[{"id":2402,"href":"https:\/\/chiaexport.com\/es\/wp-json\/wp\/v2\/pages\/2401\/revisions\/2402"}],"wp:attachment":[{"href":"https:\/\/chiaexport.com\/es\/wp-json\/wp\/v2\/media?parent=2401"}],"curies":[{"name":"wp","href":"https:\/\/api.w.org\/{rel}","templated":true}]}}