{"id":2418,"date":"2022-02-24T05:03:32","date_gmt":"2022-02-24T05:03:32","guid":{"rendered":"https:\/\/chiaexport.com\/ueber-uns\/"},"modified":"2023-05-06T19:24:11","modified_gmt":"2023-05-06T19:24:11","slug":"ueber-uns","status":"publish","type":"page","link":"https:\/\/chiaexport.com\/de\/ueber-uns\/","title":{"rendered":"\u00dcber uns"},"content":{"rendered":"\n<div class=\"wp-block-uagb-container uagb-block-47366506 alignfull uagb-is-root-container\"><div class=\"uagb-container-inner-blocks-wrap\">\n<div class=\"wp-block-uagb-advanced-heading uagb-block-d97bb5be\"><h2 class=\"uagb-heading-text\">EINE TRADITION VON SPITZENLEISTUNGEN BEI DER PARAGUAYISCHEN QUEBRACHO-HOLZKOHLE<\/h2><\/div>\n\n\n\n<p><\/p>\n\n\n\n<p>QuebrachoExport.com wurde 1990 gegr\u00fcndet und ist seither ein f\u00fchrender Exporteur von hochwertiger Quebracho Blanco-Holzkohle aus Paraguay in verschiedene europ\u00e4ische L\u00e4nder und die Vereinigten Staaten. Im Laufe der Jahre haben wir mit Stolz zahlreiche Marken und Handelsmarken mit unserer hochwertigen Holzkohle beliefert, um unseren Kunden ein reibungsloses und angenehmes Kocherlebnis im Freien zu erm\u00f6glichen.<\/p>\n\n\n\n<p>Unser Erfolg liegt in unserem unerm\u00fcdlichen Einsatz f\u00fcr die Verwendung von Quebracho Blanco-Holz aus Paraguay f\u00fcr die Herstellung unserer Holzkohle. Dieses Engagement garantiert ein erstklassiges Produkt, das Rauch und Funkenbildung minimiert und gleichzeitig das authentische, nat\u00fcrliche Aroma der Holzkohle bewahrt.<\/p>\n\n\n\n<p>Das Holz von Quebracho Blanco ist f\u00fcr seine Dichte und seine langsame Verbrennung bekannt. Es ist die ideale Wahl f\u00fcr die Herstellung von Premium-Holzkohle mit einem hohen Heizwert und einer langen Brenndauer. Unsere sorgf\u00e4ltig ausgew\u00e4hlte und verarbeitete Quebracho-Holzkohle eignet sich perfekt f\u00fcr l\u00e4ngere Kochsessions, so dass Sie nicht st\u00e4ndig nachlegen m\u00fcssen und sich ganz auf Ihre kulinarischen Kreationen konzentrieren k\u00f6nnen.<\/p>\n\n\n\n<p>Unsere Quebracho-Holzkohle hebt sich von der Konkurrenz ab, da sie weniger Rauch und Funken erzeugt, was sie zu einer sichereren und bequemeren Option f\u00fcr alle Ihre Bed\u00fcrfnisse beim Kochen im Freien macht. Unsere Holzkohle wird streng nach den h\u00f6chsten Qualit\u00e4tsstandards getestet und liefert unabh\u00e4ngig von der Kochumgebung stets hervorragende Leistungen.<\/p>\n\n\n\n<p>Wir von QuebrachoExport.com sind sehr stolz auf unser Engagement, unseren Kunden die beste Quebracho-Holzkohle auf dem Markt zu liefern. Unsere umfangreiche Erfahrung im Export von Quebracho-Holzkohle in Verbindung mit unserem unerm\u00fcdlichen Streben nach Qualit\u00e4t hat unseren Ruf als zuverl\u00e4ssiger Lieferant gefestigt. Erleben Sie den Unterschied von QuebrachoExport.com und verbessern Sie noch heute Ihr Kocherlebnis im Freien.<\/p>\n<\/div><\/div>\n","protected":false},"excerpt":{"rendered":"<p>EINE TRADITION VON SPITZENLEISTUNGEN BEI DER PARAGUAYISCHEN QUEBRACHO-HOLZKOHLE QuebrachoExport.com wurde 1990 gegr\u00fcndet und ist seither ein f\u00fchrender Exporteur von hochwertiger Quebracho Blanco-Holzkohle aus Paraguay in verschiedene europ\u00e4ische L\u00e4nder und die Vereinigten Staaten. Im Laufe der Jahre haben wir mit Stolz zahlreiche Marken und Handelsmarken mit unserer hochwertigen Holzkohle beliefert, um unseren Kunden ein reibungsloses und &hellip;<\/p>\n<p class=\"read-more\"> <a class=\"\" href=\"https:\/\/chiaexport.com\/de\/ueber-uns\/\"> <span class=\"screen-reader-text\">\u00dcber uns<\/span> Read More \u00bb<\/a><\/p>\n","protected":false},"author":1,"featured_media":0,"parent":0,"menu_order":0,"comment_status":"closed","ping_status":"closed","template":"","meta":{"_uag_custom_page_level_css":"","site-sidebar-layout":"no-sidebar","site-content-layout":"page-builder","ast-global-header-display":"","ast-main-header-display":"","ast-hfb-above-header-display":"","ast-hfb-below-header-display":"","ast-hfb-mobile-header-display":"","site-post-title":"disabled","ast-breadcrumbs-content":"","ast-featured-img":"disabled","footer-sml-layout":"","theme-transparent-header-meta":"enabled","adv-header-id-meta":"","stick-header-meta":"","header-above-stick-meta":"","header-main-stick-meta":"","header-below-stick-meta":"","footnotes":""},"class_list":["post-2418","page","type-page","status-publish","hentry"],"yoast_head":"<!-- This site is optimized with the Yoast SEO plugin v27.2 - https:\/\/yoast.com\/product\/yoast-seo-wordpress\/ -->\n<title>\u00dcber uns - Premium Quebracho Blanco Charcoal From Paraguay<\/title>\n<meta name=\"robots\" content=\"index, follow, max-snippet:-1, max-image-preview:large, max-video-preview:-1\" \/>\n<link rel=\"canonical\" href=\"https:\/\/chiaexport.com\/de\/ueber-uns\/\" \/>\n<meta property=\"og:locale\" content=\"de_DE\" \/>\n<meta property=\"og:type\" content=\"article\" \/>\n<meta property=\"og:title\" content=\"\u00dcber uns - Premium Quebracho Blanco Charcoal From Paraguay\" \/>\n<meta property=\"og:description\" content=\"EINE TRADITION VON SPITZENLEISTUNGEN BEI DER PARAGUAYISCHEN QUEBRACHO-HOLZKOHLE QuebrachoExport.com wurde 1990 gegr\u00fcndet und ist seither ein f\u00fchrender Exporteur von hochwertiger Quebracho Blanco-Holzkohle aus Paraguay in verschiedene europ\u00e4ische L\u00e4nder und die Vereinigten Staaten. Im Laufe der Jahre haben wir mit Stolz zahlreiche Marken und Handelsmarken mit unserer hochwertigen Holzkohle beliefert, um unseren Kunden ein reibungsloses und &hellip; \u00dcber uns Read More \u00bb\" \/>\n<meta property=\"og:url\" content=\"https:\/\/chiaexport.com\/de\/ueber-uns\/\" \/>\n<meta property=\"og:site_name\" content=\"Premium Quebracho Blanco Charcoal From Paraguay\" \/>\n<meta property=\"article:publisher\" content=\"https:\/\/www.facebook.com\/quebrachoexport\" \/>\n<meta property=\"article:modified_time\" content=\"2023-05-06T19:24:11+00:00\" \/>\n<meta name=\"twitter:card\" content=\"summary_large_image\" \/>\n<meta name=\"twitter:label1\" content=\"Gesch\u00e4tzte Lesezeit\" \/>\n\t<meta name=\"twitter:data1\" content=\"1\u00a0Minute\" \/>\n<script type=\"application\/ld+json\" class=\"yoast-schema-graph\">{\"@context\":\"https:\/\/schema.org\",\"@graph\":[{\"@type\":\"WebPage\",\"@id\":\"https:\/\/chiaexport.com\/de\/ueber-uns\/\",\"url\":\"https:\/\/chiaexport.com\/de\/ueber-uns\/\",\"name\":\"\u00dcber uns - Premium Quebracho Blanco Charcoal From Paraguay\",\"isPartOf\":{\"@id\":\"https:\/\/chiaexport.com\/de\/#website\"},\"datePublished\":\"2022-02-24T05:03:32+00:00\",\"dateModified\":\"2023-05-06T19:24:11+00:00\",\"breadcrumb\":{\"@id\":\"https:\/\/chiaexport.com\/de\/ueber-uns\/#breadcrumb\"},\"inLanguage\":\"de\",\"potentialAction\":[{\"@type\":\"ReadAction\",\"target\":[\"https:\/\/chiaexport.com\/de\/ueber-uns\/\"]}]},{\"@type\":\"BreadcrumbList\",\"@id\":\"https:\/\/chiaexport.com\/de\/ueber-uns\/#breadcrumb\",\"itemListElement\":[{\"@type\":\"ListItem\",\"position\":1,\"name\":\"Home\",\"item\":\"https:\/\/chiaexport.com\/de\/\"},{\"@type\":\"ListItem\",\"position\":2,\"name\":\"\u00dcber uns\"}]},{\"@type\":\"WebSite\",\"@id\":\"https:\/\/chiaexport.com\/de\/#website\",\"url\":\"https:\/\/chiaexport.com\/de\/\",\"name\":\"Premium Quebracho Blanco Charcoal From Paraguay\",\"description\":\"\",\"publisher\":{\"@id\":\"https:\/\/chiaexport.com\/de\/#organization\"},\"potentialAction\":[{\"@type\":\"SearchAction\",\"target\":{\"@type\":\"EntryPoint\",\"urlTemplate\":\"https:\/\/chiaexport.com\/de\/?s={search_term_string}\"},\"query-input\":{\"@type\":\"PropertyValueSpecification\",\"valueRequired\":true,\"valueName\":\"search_term_string\"}}],\"inLanguage\":\"de\"},{\"@type\":\"Organization\",\"@id\":\"https:\/\/chiaexport.com\/de\/#organization\",\"name\":\"Premium Quebracho Blanco Charcoal From Paraguay\",\"url\":\"https:\/\/chiaexport.com\/de\/\",\"logo\":{\"@type\":\"ImageObject\",\"inLanguage\":\"de\",\"@id\":\"https:\/\/chiaexport.com\/de\/#\/schema\/logo\/image\/\",\"url\":\"https:\/\/chiaexport.com\/wp-content\/uploads\/2023\/05\/Quebracho-Blanco-Logo-5.png\",\"contentUrl\":\"https:\/\/chiaexport.com\/wp-content\/uploads\/2023\/05\/Quebracho-Blanco-Logo-5.png\",\"width\":180,\"height\":60,\"caption\":\"Premium Quebracho Blanco Charcoal From Paraguay\"},\"image\":{\"@id\":\"https:\/\/chiaexport.com\/de\/#\/schema\/logo\/image\/\"},\"sameAs\":[\"https:\/\/www.facebook.com\/quebrachoexport\",\"https:\/\/www.linkedin.com\/company\/93223467\"]}]}<\/script>\n<!-- \/ Yoast SEO plugin. -->","yoast_head_json":{"title":"\u00dcber uns - Premium Quebracho Blanco Charcoal From Paraguay","robots":{"index":"index","follow":"follow","max-snippet":"max-snippet:-1","max-image-preview":"max-image-preview:large","max-video-preview":"max-video-preview:-1"},"canonical":"https:\/\/chiaexport.com\/de\/ueber-uns\/","og_locale":"de_DE","og_type":"article","og_title":"\u00dcber uns - Premium Quebracho Blanco Charcoal From Paraguay","og_description":"EINE TRADITION VON SPITZENLEISTUNGEN BEI DER PARAGUAYISCHEN QUEBRACHO-HOLZKOHLE QuebrachoExport.com wurde 1990 gegr\u00fcndet und ist seither ein f\u00fchrender Exporteur von hochwertiger Quebracho Blanco-Holzkohle aus Paraguay in verschiedene europ\u00e4ische L\u00e4nder und die Vereinigten Staaten. Im Laufe der Jahre haben wir mit Stolz zahlreiche Marken und Handelsmarken mit unserer hochwertigen Holzkohle beliefert, um unseren Kunden ein reibungsloses und &hellip; \u00dcber uns Read More \u00bb","og_url":"https:\/\/chiaexport.com\/de\/ueber-uns\/","og_site_name":"Premium Quebracho Blanco Charcoal From Paraguay","article_publisher":"https:\/\/www.facebook.com\/quebrachoexport","article_modified_time":"2023-05-06T19:24:11+00:00","twitter_card":"summary_large_image","twitter_misc":{"Gesch\u00e4tzte Lesezeit":"1\u00a0Minute"},"schema":{"@context":"https:\/\/schema.org","@graph":[{"@type":"WebPage","@id":"https:\/\/chiaexport.com\/de\/ueber-uns\/","url":"https:\/\/chiaexport.com\/de\/ueber-uns\/","name":"\u00dcber uns - Premium Quebracho Blanco Charcoal From Paraguay","isPartOf":{"@id":"https:\/\/chiaexport.com\/de\/#website"},"datePublished":"2022-02-24T05:03:32+00:00","dateModified":"2023-05-06T19:24:11+00:00","breadcrumb":{"@id":"https:\/\/chiaexport.com\/de\/ueber-uns\/#breadcrumb"},"inLanguage":"de","potentialAction":[{"@type":"ReadAction","target":["https:\/\/chiaexport.com\/de\/ueber-uns\/"]}]},{"@type":"BreadcrumbList","@id":"https:\/\/chiaexport.com\/de\/ueber-uns\/#breadcrumb","itemListElement":[{"@type":"ListItem","position":1,"name":"Home","item":"https:\/\/chiaexport.com\/de\/"},{"@type":"ListItem","position":2,"name":"\u00dcber uns"}]},{"@type":"WebSite","@id":"https:\/\/chiaexport.com\/de\/#website","url":"https:\/\/chiaexport.com\/de\/","name":"Premium Quebracho Blanco Charcoal From Paraguay","description":"","publisher":{"@id":"https:\/\/chiaexport.com\/de\/#organization"},"potentialAction":[{"@type":"SearchAction","target":{"@type":"EntryPoint","urlTemplate":"https:\/\/chiaexport.com\/de\/?s={search_term_string}"},"query-input":{"@type":"PropertyValueSpecification","valueRequired":true,"valueName":"search_term_string"}}],"inLanguage":"de"},{"@type":"Organization","@id":"https:\/\/chiaexport.com\/de\/#organization","name":"Premium Quebracho Blanco Charcoal From Paraguay","url":"https:\/\/chiaexport.com\/de\/","logo":{"@type":"ImageObject","inLanguage":"de","@id":"https:\/\/chiaexport.com\/de\/#\/schema\/logo\/image\/","url":"https:\/\/chiaexport.com\/wp-content\/uploads\/2023\/05\/Quebracho-Blanco-Logo-5.png","contentUrl":"https:\/\/chiaexport.com\/wp-content\/uploads\/2023\/05\/Quebracho-Blanco-Logo-5.png","width":180,"height":60,"caption":"Premium Quebracho Blanco Charcoal From Paraguay"},"image":{"@id":"https:\/\/chiaexport.com\/de\/#\/schema\/logo\/image\/"},"sameAs":["https:\/\/www.facebook.com\/quebrachoexport","https:\/\/www.linkedin.com\/company\/93223467"]}]}},"uagb_featured_image_src":{"full":false,"thumbnail":false,"medium":false,"medium_large":false,"large":false,"1536x1536":false,"2048x2048":false},"uagb_author_info":{"display_name":"admin","author_link":"https:\/\/chiaexport.com\/de\/author\/admin\/"},"uagb_comment_info":0,"uagb_excerpt":"EINE TRADITION VON SPITZENLEISTUNGEN BEI DER PARAGUAYISCHEN QUEBRACHO-HOLZKOHLE QuebrachoExport.com wurde 1990 gegr\u00fcndet und ist seither ein f\u00fchrender Exporteur von hochwertiger Quebracho Blanco-Holzkohle aus Paraguay in verschiedene europ\u00e4ische L\u00e4nder und die Vereinigten Staaten. Im Laufe der Jahre haben wir mit Stolz zahlreiche Marken und Handelsmarken mit unserer hochwertigen Holzkohle beliefert, um unseren Kunden ein reibungsloses und&hellip;","_links":{"self":[{"href":"https:\/\/chiaexport.com\/de\/wp-json\/wp\/v2\/pages\/2418","targetHints":{"allow":["GET"]}}],"collection":[{"href":"https:\/\/chiaexport.com\/de\/wp-json\/wp\/v2\/pages"}],"about":[{"href":"https:\/\/chiaexport.com\/de\/wp-json\/wp\/v2\/types\/page"}],"author":[{"embeddable":true,"href":"https:\/\/chiaexport.com\/de\/wp-json\/wp\/v2\/users\/1"}],"replies":[{"embeddable":true,"href":"https:\/\/chiaexport.com\/de\/wp-json\/wp\/v2\/comments?post=2418"}],"version-history":[{"count":1,"href":"https:\/\/chiaexport.com\/de\/wp-json\/wp\/v2\/pages\/2418\/revisions"}],"predecessor-version":[{"id":2420,"href":"https:\/\/chiaexport.com\/de\/wp-json\/wp\/v2\/pages\/2418\/revisions\/2420"}],"wp:attachment":[{"href":"https:\/\/chiaexport.com\/de\/wp-json\/wp\/v2\/media?parent=2418"}],"curies":[{"name":"wp","href":"https:\/\/api.w.org\/{rel}","templated":true}]}}