{"id":2417,"date":"2022-02-24T05:02:56","date_gmt":"2022-02-24T05:02:56","guid":{"rendered":"https:\/\/chiaexport.com\/premium-quebracho-blanco-holzkohle-aus-paraguay\/"},"modified":"2023-09-04T17:22:41","modified_gmt":"2023-09-04T17:22:41","slug":"premium-quebracho-blanco-holzkohle-aus-paraguay","status":"publish","type":"page","link":"https:\/\/chiaexport.com\/de\/","title":{"rendered":"Premium Quebracho Blanco Holzkohle aus Paraguay"},"content":{"rendered":"\n<div class=\"wp-block-uagb-container uagb-block-1f87dc6d alignfull uagb-is-root-container\"><div class=\"uagb-container-inner-blocks-wrap\">\n<div class=\"wp-block-uagb-info-box uagb-block-67c67dbc uagb-infobox__content-wrap  uagb-infobox-icon-above-title uagb-infobox-image-valign-top\"><div class=\"uagb-ifb-content\"><div class=\"uagb-ifb-title-wrap\"><h1 class=\"uagb-ifb-title\">Die feinste Quebracho Blanco Holzkohle, die weltweit geliefert wird<br\/><\/h1><\/div><p class=\"uagb-ifb-desc\">Der Unterschied zwischen Quebracho Blanco Holzkohle aus Paraguay und der Welt<\/p><div class=\"uagb-ifb-button-wrapper wp-block-button\"><a href=\"https:\/\/chiaexport.com\/de\/kontakt\/\" class=\"uagb-infobox-cta-link wp-block-button__link\" target=\"_self\" rel=\"noopener noreferrer\" onclick=\"return true;\" alt=\"\"><span class=\"uagb-inline-editing\">Kontakt<\/span><\/a><\/div><\/div><\/div>\n<\/div><\/div>\n\n<div class=\"wp-block-uagb-container uagb-block-be8c9955 alignfull uagb-is-root-container\"><div class=\"uagb-container-inner-blocks-wrap\">\n<div class=\"wp-block-uagb-advanced-heading uagb-block-b6eb6c32\"><h2 class=\"uagb-heading-text\">EINE TRADITION VON SPITZENLEISTUNGEN BEI DER PARAGUAYISCHEN QUEBRACHO-HOLZKOHLE<\/h2><\/div>\n\n\n\n<p>QuebrachoExport.com wurde 1990 gegr\u00fcndet und ist seither ein f\u00fchrender Exporteur von hochwertiger Quebracho Blanco-Holzkohle aus Paraguay in verschiedene europ\u00e4ische L\u00e4nder und die Vereinigten Staaten. Im Laufe der Jahre haben wir mit Stolz zahlreiche Marken und Handelsmarken mit unserer hochwertigen Holzkohle beliefert, um unseren Kunden ein reibungsloses und angenehmes Kocherlebnis im Freien zu erm\u00f6glichen.<\/p>\n\n\n\n<p>Unser Erfolg liegt in unserem unerm\u00fcdlichen Einsatz f\u00fcr die Verwendung von Quebracho Blanco-Holz aus Paraguay f\u00fcr die Herstellung unserer Holzkohle. Dieses Engagement garantiert ein erstklassiges Produkt, das Rauch und Funkenbildung minimiert und gleichzeitig das authentische, nat\u00fcrliche Aroma der Holzkohle bewahrt.<\/p>\n\n\n\n<p>Das Holz von Quebracho Blanco ist f\u00fcr seine Dichte und seine langsame Verbrennung bekannt. Es ist die ideale Wahl f\u00fcr die Herstellung von Premium-Holzkohle mit einem hohen Heizwert und einer langen Brenndauer. Unsere sorgf\u00e4ltig ausgew\u00e4hlte und verarbeitete Quebracho-Holzkohle eignet sich perfekt f\u00fcr l\u00e4ngere Kochsessions, so dass Sie nicht st\u00e4ndig nachlegen m\u00fcssen und sich ganz auf Ihre kulinarischen Kreationen konzentrieren k\u00f6nnen.<\/p>\n\n\n\n<p>Unsere Quebracho-Holzkohle hebt sich von der Konkurrenz ab, da sie weniger Rauch und Funken erzeugt, was sie zu einer sichereren und bequemeren Option f\u00fcr alle Ihre Bed\u00fcrfnisse beim Kochen im Freien macht. Unsere Holzkohle wird streng nach den h\u00f6chsten Qualit\u00e4tsstandards getestet und liefert unabh\u00e4ngig von der Kochumgebung stets hervorragende Leistungen.<\/p>\n\n\n\n<p>Wir von QuebrachoExport.com sind sehr stolz auf unser Engagement, unseren Kunden die beste Quebracho-Holzkohle auf dem Markt zu liefern. Unsere umfangreiche Erfahrung im Export von Quebracho-Holzkohle in Verbindung mit unserem unerm\u00fcdlichen Streben nach Qualit\u00e4t hat unseren Ruf als zuverl\u00e4ssiger Lieferant gefestigt. Erleben Sie den Unterschied von QuebrachoExport.com und verbessern Sie noch heute Ihr Kocherlebnis im Freien.<\/p>\n\n\n\n<div class=\"wp-block-uagb-container uagb-block-55eb0d65\">\n<div class=\"wp-block-uagb-container uagb-block-afd2b76a\">\n<div class=\"wp-block-uagb-info-box uagb-block-73fb5bac uagb-infobox__content-wrap  uagb-infobox-icon-above-title uagb-infobox-image-valign-top\"><div class=\"uagb-ifb-content\"><div class=\"uagb-ifb-image-content\"><img decoding=\"async\" data-src=\"https:\/\/chiaexport.com\/wp-content\/uploads\/2023\/05\/White-Quebracho-Charcoal-Long-Lasting-Burn.png\" alt=\"White Quebracho Charcoal Long Lasting Burn\" width=\"300\" height=\"300\" src=\"data:image\/svg+xml;base64,PHN2ZyB3aWR0aD0iMSIgaGVpZ2h0PSIxIiB4bWxucz0iaHR0cDovL3d3dy53My5vcmcvMjAwMC9zdmciPjwvc3ZnPg==\" class=\"lazyload\" style=\"--smush-placeholder-width: 300px; --smush-placeholder-aspect-ratio: 300\/300;\" \/><\/div><div class=\"uagb-ifb-title-wrap\"><h3 class=\"uagb-ifb-title\">Langanhaltende Verbrennung<\/h3><\/div><p class=\"uagb-ifb-desc\">Mit ihrer hohen Dichte und geringen Rauchentwicklung ist die Quebracho Blanco-Holzkohle die perfekte Wahl, um einen sauberen und k\u00f6stlichen Geschmack in Ihren Grillgerichten zu erzielen.<\/p><\/div><\/div>\n<\/div>\n\n\n\n<div class=\"wp-block-uagb-container uagb-block-268a7584\">\n<div class=\"wp-block-uagb-info-box uagb-block-6727b895 uagb-infobox__content-wrap  uagb-infobox-icon-above-title uagb-infobox-image-valign-top\"><div class=\"uagb-ifb-content\"><div class=\"uagb-ifb-image-content\"><img decoding=\"async\" data-src=\"https:\/\/chiaexport.com\/wp-content\/uploads\/2023\/05\/Quebracho-Blanco-Charcoal-Eco-Friendly.png\" alt=\"Quebracho Blanco Charcoal Eco Friendly\" width=\"300\" height=\"300\" src=\"data:image\/svg+xml;base64,PHN2ZyB3aWR0aD0iMSIgaGVpZ2h0PSIxIiB4bWxucz0iaHR0cDovL3d3dy53My5vcmcvMjAwMC9zdmciPjwvc3ZnPg==\" class=\"lazyload\" style=\"--smush-placeholder-width: 300px; --smush-placeholder-aspect-ratio: 300\/300;\" \/><\/div><div class=\"uagb-ifb-title-wrap\"><h3 class=\"uagb-ifb-title\">Umweltfreundlich und nachhaltig<\/h3><\/div><p class=\"uagb-ifb-desc\">Unsere Wei\u00dfe Quebracho-Holzkohle wird aus verantwortungsvoll bewirtschafteten W\u00e4ldern in Paraguay bezogen, um ein umweltfreundliches und nachhaltiges Produkt zu gew\u00e4hrleisten, das zum Schutz der Umwelt beitr\u00e4gt.<\/p><\/div><\/div>\n<\/div>\n\n\n\n<div class=\"wp-block-uagb-container uagb-block-fe23a21b\">\n<div class=\"wp-block-uagb-info-box uagb-block-8ff5933f uagb-infobox__content-wrap  uagb-infobox-icon-above-title uagb-infobox-image-valign-top\"><div class=\"uagb-ifb-content\"><div class=\"uagb-ifb-image-content\"><img decoding=\"async\" data-src=\"https:\/\/chiaexport.com\/wp-content\/uploads\/2023\/05\/White-Quebracho-Charcoal-Low-Smoke2.png\" alt=\"White Quebracho Charcoal Low Smoke\" width=\"300\" height=\"300\" src=\"data:image\/svg+xml;base64,PHN2ZyB3aWR0aD0iMSIgaGVpZ2h0PSIxIiB4bWxucz0iaHR0cDovL3d3dy53My5vcmcvMjAwMC9zdmciPjwvc3ZnPg==\" class=\"lazyload\" style=\"--smush-placeholder-width: 300px; --smush-placeholder-aspect-ratio: 300\/300;\" \/><\/div><div class=\"uagb-ifb-title-wrap\"><h3 class=\"uagb-ifb-title\">Geringer Rauch &amp; Glanz<\/h3><\/div><p class=\"uagb-ifb-desc\">Unsere hochwertige Quebracho Blanco-Holzkohle erzeugt nur wenig Rauch und Funken, was das Kochen im Freien sicherer, angenehmer und frei von unangenehmen D\u00e4mpfen macht.<\/p><\/div><\/div>\n<\/div>\n<\/div>\n<\/div><\/div>\n\n<div class=\"wp-block-uagb-container uagb-block-bb041ae5 alignfull uagb-is-root-container\"><div class=\"uagb-container-inner-blocks-wrap\">\n<div class=\"wp-block-uagb-info-box uagb-block-467524e0 uagb-infobox__content-wrap  uagb-infobox-icon-above-title uagb-infobox-image-valign-top\"><div class=\"uagb-ifb-content\"><div class=\"uagb-ifb-title-wrap\"><h5 class=\"uagb-ifb-title\">QUESTIONS?<\/h5><\/div><p class=\"uagb-ifb-desc\">Setzen Sie sich noch heute mit uns in Verbindung, um mehr \u00fcber unsere hochwertige Holzkohle und unsere Preisoptionen zu erfahren.<\/p><div class=\"uagb-ifb-button-wrapper wp-block-button\"><a href=\"https:\/\/chiaexport.com\/de\/kontakt\/\" class=\"uagb-infobox-cta-link wp-block-button__link\" target=\"_self\" rel=\"noopener noreferrer\" onclick=\"return true;\" alt=\"\"><span class=\"uagb-inline-editing\">Angebot anfordern<\/span><\/a><\/div><\/div><\/div>\n<\/div><\/div>\n","protected":false},"excerpt":{"rendered":"<p>EINE TRADITION VON SPITZENLEISTUNGEN BEI DER PARAGUAYISCHEN QUEBRACHO-HOLZKOHLE QuebrachoExport.com wurde 1990 gegr\u00fcndet und ist seither ein f\u00fchrender Exporteur von hochwertiger Quebracho Blanco-Holzkohle aus Paraguay in verschiedene europ\u00e4ische L\u00e4nder und die Vereinigten Staaten. Im Laufe der Jahre haben wir mit Stolz zahlreiche Marken und Handelsmarken mit unserer hochwertigen Holzkohle beliefert, um unseren Kunden ein reibungsloses und &hellip;<\/p>\n<p class=\"read-more\"> <a class=\"\" href=\"https:\/\/chiaexport.com\/de\/\"> <span class=\"screen-reader-text\">Premium Quebracho Blanco Holzkohle aus Paraguay<\/span> Read More \u00bb<\/a><\/p>\n","protected":false},"author":1,"featured_media":0,"parent":0,"menu_order":0,"comment_status":"closed","ping_status":"closed","template":"","meta":{"_uag_custom_page_level_css":"","site-sidebar-layout":"no-sidebar","site-content-layout":"page-builder","ast-global-header-display":"","ast-main-header-display":"","ast-hfb-above-header-display":"","ast-hfb-below-header-display":"","ast-hfb-mobile-header-display":"","site-post-title":"disabled","ast-breadcrumbs-content":"","ast-featured-img":"disabled","footer-sml-layout":"","theme-transparent-header-meta":"enabled","adv-header-id-meta":"","stick-header-meta":"","header-above-stick-meta":"","header-main-stick-meta":"","header-below-stick-meta":"","footnotes":""},"class_list":["post-2417","page","type-page","status-publish","hentry"],"yoast_head":"<!-- This site is optimized with the Yoast SEO plugin v27.2 - https:\/\/yoast.com\/product\/yoast-seo-wordpress\/ -->\n<title>Quebracho Blanco Holzkohle: Paraguays feinster Export zum Grillen<\/title>\n<meta name=\"description\" content=\"Entdecken Sie die hochwertige Quebracho Blanco Holzkohle aus Paraguay. Erleben Sie umweltfreundlichen Brennstoff in bester Qualit\u00e4t zum Grillen, f\u00fcr BBQs und vieles mehr - weltweit geliefert!\" \/>\n<meta name=\"robots\" content=\"index, follow, max-snippet:-1, max-image-preview:large, max-video-preview:-1\" \/>\n<link rel=\"canonical\" href=\"https:\/\/chiaexport.com\/de\/\" \/>\n<meta property=\"og:locale\" content=\"de_DE\" \/>\n<meta property=\"og:type\" content=\"article\" \/>\n<meta property=\"og:title\" content=\"Quebracho Blanco Holzkohle: Paraguays feinster Export zum Grillen\" \/>\n<meta property=\"og:description\" content=\"Entdecken Sie die hochwertige Quebracho Blanco Holzkohle aus Paraguay. Erleben Sie umweltfreundlichen Brennstoff in bester Qualit\u00e4t zum Grillen, f\u00fcr BBQs und vieles mehr - weltweit geliefert!\" \/>\n<meta property=\"og:url\" content=\"https:\/\/chiaexport.com\/de\/\" \/>\n<meta property=\"og:site_name\" content=\"Premium Quebracho Blanco Charcoal From Paraguay\" \/>\n<meta property=\"article:publisher\" content=\"https:\/\/www.facebook.com\/quebrachoexport\" \/>\n<meta property=\"article:modified_time\" content=\"2023-09-04T17:22:41+00:00\" \/>\n<meta property=\"og:image\" content=\"https:\/\/chiaexport.com\/wp-content\/uploads\/2023\/05\/White-Quebracho-Charcoal-Long-Lasting-Burn.png\" \/>\n<meta name=\"twitter:card\" content=\"summary_large_image\" \/>\n<meta name=\"twitter:label1\" content=\"Gesch\u00e4tzte Lesezeit\" \/>\n\t<meta name=\"twitter:data1\" content=\"2\u00a0Minuten\" \/>\n<script type=\"application\/ld+json\" class=\"yoast-schema-graph\">{\"@context\":\"https:\/\/schema.org\",\"@graph\":[{\"@type\":\"WebPage\",\"@id\":\"https:\/\/chiaexport.com\/de\/\",\"url\":\"https:\/\/chiaexport.com\/de\/\",\"name\":\"Quebracho Blanco Holzkohle: Paraguays feinster Export zum Grillen\",\"isPartOf\":{\"@id\":\"https:\/\/chiaexport.com\/de\/#website\"},\"primaryImageOfPage\":{\"@id\":\"https:\/\/chiaexport.com\/de\/#primaryimage\"},\"image\":{\"@id\":\"https:\/\/chiaexport.com\/de\/#primaryimage\"},\"thumbnailUrl\":\"https:\/\/chiaexport.com\/wp-content\/uploads\/2023\/05\/White-Quebracho-Charcoal-Long-Lasting-Burn.png\",\"datePublished\":\"2022-02-24T05:02:56+00:00\",\"dateModified\":\"2023-09-04T17:22:41+00:00\",\"description\":\"Entdecken Sie die hochwertige Quebracho Blanco Holzkohle aus Paraguay. Erleben Sie umweltfreundlichen Brennstoff in bester Qualit\u00e4t zum Grillen, f\u00fcr BBQs und vieles mehr - weltweit geliefert!\",\"breadcrumb\":{\"@id\":\"https:\/\/chiaexport.com\/de\/#breadcrumb\"},\"inLanguage\":\"de\",\"potentialAction\":[{\"@type\":\"ReadAction\",\"target\":[\"https:\/\/chiaexport.com\/de\/\"]}]},{\"@type\":\"ImageObject\",\"inLanguage\":\"de\",\"@id\":\"https:\/\/chiaexport.com\/de\/#primaryimage\",\"url\":\"https:\/\/chiaexport.com\/wp-content\/uploads\/2023\/05\/White-Quebracho-Charcoal-Long-Lasting-Burn.png\",\"contentUrl\":\"https:\/\/chiaexport.com\/wp-content\/uploads\/2023\/05\/White-Quebracho-Charcoal-Long-Lasting-Burn.png\"},{\"@type\":\"BreadcrumbList\",\"@id\":\"https:\/\/chiaexport.com\/de\/#breadcrumb\",\"itemListElement\":[{\"@type\":\"ListItem\",\"position\":1,\"name\":\"Home\",\"item\":\"https:\/\/chiaexport.com\/de\/\"},{\"@type\":\"ListItem\",\"position\":2,\"name\":\"Premium Quebracho Blanco Holzkohle aus Paraguay\"}]},{\"@type\":\"WebSite\",\"@id\":\"https:\/\/chiaexport.com\/de\/#website\",\"url\":\"https:\/\/chiaexport.com\/de\/\",\"name\":\"Premium Quebracho Blanco Charcoal From Paraguay\",\"description\":\"\",\"publisher\":{\"@id\":\"https:\/\/chiaexport.com\/de\/#organization\"},\"potentialAction\":[{\"@type\":\"SearchAction\",\"target\":{\"@type\":\"EntryPoint\",\"urlTemplate\":\"https:\/\/chiaexport.com\/de\/?s={search_term_string}\"},\"query-input\":{\"@type\":\"PropertyValueSpecification\",\"valueRequired\":true,\"valueName\":\"search_term_string\"}}],\"inLanguage\":\"de\"},{\"@type\":\"Organization\",\"@id\":\"https:\/\/chiaexport.com\/de\/#organization\",\"name\":\"Premium Quebracho Blanco Charcoal From Paraguay\",\"url\":\"https:\/\/chiaexport.com\/de\/\",\"logo\":{\"@type\":\"ImageObject\",\"inLanguage\":\"de\",\"@id\":\"https:\/\/chiaexport.com\/de\/#\/schema\/logo\/image\/\",\"url\":\"https:\/\/chiaexport.com\/wp-content\/uploads\/2023\/05\/Quebracho-Blanco-Logo-5.png\",\"contentUrl\":\"https:\/\/chiaexport.com\/wp-content\/uploads\/2023\/05\/Quebracho-Blanco-Logo-5.png\",\"width\":180,\"height\":60,\"caption\":\"Premium Quebracho Blanco Charcoal From Paraguay\"},\"image\":{\"@id\":\"https:\/\/chiaexport.com\/de\/#\/schema\/logo\/image\/\"},\"sameAs\":[\"https:\/\/www.facebook.com\/quebrachoexport\",\"https:\/\/www.linkedin.com\/company\/93223467\"]}]}<\/script>\n<!-- \/ Yoast SEO plugin. -->","yoast_head_json":{"title":"Quebracho Blanco Holzkohle: Paraguays feinster Export zum Grillen","description":"Entdecken Sie die hochwertige Quebracho Blanco Holzkohle aus Paraguay. Erleben Sie umweltfreundlichen Brennstoff in bester Qualit\u00e4t zum Grillen, f\u00fcr BBQs und vieles mehr - weltweit geliefert!","robots":{"index":"index","follow":"follow","max-snippet":"max-snippet:-1","max-image-preview":"max-image-preview:large","max-video-preview":"max-video-preview:-1"},"canonical":"https:\/\/chiaexport.com\/de\/","og_locale":"de_DE","og_type":"article","og_title":"Quebracho Blanco Holzkohle: Paraguays feinster Export zum Grillen","og_description":"Entdecken Sie die hochwertige Quebracho Blanco Holzkohle aus Paraguay. Erleben Sie umweltfreundlichen Brennstoff in bester Qualit\u00e4t zum Grillen, f\u00fcr BBQs und vieles mehr - weltweit geliefert!","og_url":"https:\/\/chiaexport.com\/de\/","og_site_name":"Premium Quebracho Blanco Charcoal From Paraguay","article_publisher":"https:\/\/www.facebook.com\/quebrachoexport","article_modified_time":"2023-09-04T17:22:41+00:00","og_image":[{"url":"https:\/\/chiaexport.com\/wp-content\/uploads\/2023\/05\/White-Quebracho-Charcoal-Long-Lasting-Burn.png","type":"","width":"","height":""}],"twitter_card":"summary_large_image","twitter_misc":{"Gesch\u00e4tzte Lesezeit":"2\u00a0Minuten"},"schema":{"@context":"https:\/\/schema.org","@graph":[{"@type":"WebPage","@id":"https:\/\/chiaexport.com\/de\/","url":"https:\/\/chiaexport.com\/de\/","name":"Quebracho Blanco Holzkohle: Paraguays feinster Export zum Grillen","isPartOf":{"@id":"https:\/\/chiaexport.com\/de\/#website"},"primaryImageOfPage":{"@id":"https:\/\/chiaexport.com\/de\/#primaryimage"},"image":{"@id":"https:\/\/chiaexport.com\/de\/#primaryimage"},"thumbnailUrl":"https:\/\/chiaexport.com\/wp-content\/uploads\/2023\/05\/White-Quebracho-Charcoal-Long-Lasting-Burn.png","datePublished":"2022-02-24T05:02:56+00:00","dateModified":"2023-09-04T17:22:41+00:00","description":"Entdecken Sie die hochwertige Quebracho Blanco Holzkohle aus Paraguay. Erleben Sie umweltfreundlichen Brennstoff in bester Qualit\u00e4t zum Grillen, f\u00fcr BBQs und vieles mehr - weltweit geliefert!","breadcrumb":{"@id":"https:\/\/chiaexport.com\/de\/#breadcrumb"},"inLanguage":"de","potentialAction":[{"@type":"ReadAction","target":["https:\/\/chiaexport.com\/de\/"]}]},{"@type":"ImageObject","inLanguage":"de","@id":"https:\/\/chiaexport.com\/de\/#primaryimage","url":"https:\/\/chiaexport.com\/wp-content\/uploads\/2023\/05\/White-Quebracho-Charcoal-Long-Lasting-Burn.png","contentUrl":"https:\/\/chiaexport.com\/wp-content\/uploads\/2023\/05\/White-Quebracho-Charcoal-Long-Lasting-Burn.png"},{"@type":"BreadcrumbList","@id":"https:\/\/chiaexport.com\/de\/#breadcrumb","itemListElement":[{"@type":"ListItem","position":1,"name":"Home","item":"https:\/\/chiaexport.com\/de\/"},{"@type":"ListItem","position":2,"name":"Premium Quebracho Blanco Holzkohle aus Paraguay"}]},{"@type":"WebSite","@id":"https:\/\/chiaexport.com\/de\/#website","url":"https:\/\/chiaexport.com\/de\/","name":"Premium Quebracho Blanco Charcoal From Paraguay","description":"","publisher":{"@id":"https:\/\/chiaexport.com\/de\/#organization"},"potentialAction":[{"@type":"SearchAction","target":{"@type":"EntryPoint","urlTemplate":"https:\/\/chiaexport.com\/de\/?s={search_term_string}"},"query-input":{"@type":"PropertyValueSpecification","valueRequired":true,"valueName":"search_term_string"}}],"inLanguage":"de"},{"@type":"Organization","@id":"https:\/\/chiaexport.com\/de\/#organization","name":"Premium Quebracho Blanco Charcoal From Paraguay","url":"https:\/\/chiaexport.com\/de\/","logo":{"@type":"ImageObject","inLanguage":"de","@id":"https:\/\/chiaexport.com\/de\/#\/schema\/logo\/image\/","url":"https:\/\/chiaexport.com\/wp-content\/uploads\/2023\/05\/Quebracho-Blanco-Logo-5.png","contentUrl":"https:\/\/chiaexport.com\/wp-content\/uploads\/2023\/05\/Quebracho-Blanco-Logo-5.png","width":180,"height":60,"caption":"Premium Quebracho Blanco Charcoal From Paraguay"},"image":{"@id":"https:\/\/chiaexport.com\/de\/#\/schema\/logo\/image\/"},"sameAs":["https:\/\/www.facebook.com\/quebrachoexport","https:\/\/www.linkedin.com\/company\/93223467"]}]}},"uagb_featured_image_src":{"full":false,"thumbnail":false,"medium":false,"medium_large":false,"large":false,"1536x1536":false,"2048x2048":false},"uagb_author_info":{"display_name":"admin","author_link":"https:\/\/chiaexport.com\/de\/author\/admin\/"},"uagb_comment_info":0,"uagb_excerpt":"EINE TRADITION VON SPITZENLEISTUNGEN BEI DER PARAGUAYISCHEN QUEBRACHO-HOLZKOHLE QuebrachoExport.com wurde 1990 gegr\u00fcndet und ist seither ein f\u00fchrender Exporteur von hochwertiger Quebracho Blanco-Holzkohle aus Paraguay in verschiedene europ\u00e4ische L\u00e4nder und die Vereinigten Staaten. Im Laufe der Jahre haben wir mit Stolz zahlreiche Marken und Handelsmarken mit unserer hochwertigen Holzkohle beliefert, um unseren Kunden ein reibungsloses und&hellip;","_links":{"self":[{"href":"https:\/\/chiaexport.com\/de\/wp-json\/wp\/v2\/pages\/2417","targetHints":{"allow":["GET"]}}],"collection":[{"href":"https:\/\/chiaexport.com\/de\/wp-json\/wp\/v2\/pages"}],"about":[{"href":"https:\/\/chiaexport.com\/de\/wp-json\/wp\/v2\/types\/page"}],"author":[{"embeddable":true,"href":"https:\/\/chiaexport.com\/de\/wp-json\/wp\/v2\/users\/1"}],"replies":[{"embeddable":true,"href":"https:\/\/chiaexport.com\/de\/wp-json\/wp\/v2\/comments?post=2417"}],"version-history":[{"count":2,"href":"https:\/\/chiaexport.com\/de\/wp-json\/wp\/v2\/pages\/2417\/revisions"}],"predecessor-version":[{"id":2890,"href":"https:\/\/chiaexport.com\/de\/wp-json\/wp\/v2\/pages\/2417\/revisions\/2890"}],"wp:attachment":[{"href":"https:\/\/chiaexport.com\/de\/wp-json\/wp\/v2\/media?parent=2417"}],"curies":[{"name":"wp","href":"https:\/\/api.w.org\/{rel}","templated":true}]}}